{"id":295,"date":"2024-06-01T03:57:55","date_gmt":"2024-06-01T03:57:55","guid":{"rendered":"https:\/\/lerestate.com\/?page_id=295"},"modified":"2024-07-09T09:55:45","modified_gmt":"2024-07-09T09:55:45","slug":"referral","status":"publish","type":"page","link":"https:\/\/lerestate.com\/hu\/referral\/","title":{"rendered":"Hivatkoz\u00e1s"},"content":{"rendered":"<div data-elementor-type=\"wp-page\" data-elementor-id=\"295\" class=\"elementor elementor-295\" data-elementor-settings=\"{&quot;ha_cmc_init_switcher&quot;:&quot;no&quot;}\" data-elementor-post-type=\"page\">\n\t\t\t\t<div class=\"elementor-element elementor-element-35520c5 e-flex e-con-boxed e-con e-parent\" data-id=\"35520c5\" data-element_type=\"container\" data-settings=\"{&quot;background_background&quot;:&quot;classic&quot;,&quot;_ha_eqh_enable&quot;:false}\">\n\t\t\t\t\t<div class=\"e-con-inner\">\n\t\t<div class=\"elementor-element elementor-element-05afe46 e-con-full e-flex e-con e-child\" data-id=\"05afe46\" data-element_type=\"container\" data-settings=\"{&quot;_ha_eqh_enable&quot;:false}\">\n\t\t\t\t<div class=\"elementor-element elementor-element-d9b28bd sk-gr elementor-widget elementor-widget-heading\" data-id=\"d9b28bd\" data-element_type=\"widget\" data-widget_type=\"heading.default\">\n\t\t\t\t<div class=\"elementor-widget-container\">\n\t\t\t<h1 class=\"elementor-heading-title elementor-size-default\">REFERR\u00c1L\u00c1S<\/h1>\t\t<\/div>\n\t\t\t\t<\/div>\n\t\t\t\t<\/div>\n\t\t\t\t\t<\/div>\n\t\t\t\t<\/div>\n\t\t<div class=\"elementor-element elementor-element-03ce468 e-con-full e-flex e-con e-parent\" data-id=\"03ce468\" data-element_type=\"container\" data-settings=\"{&quot;background_background&quot;:&quot;classic&quot;,&quot;_ha_eqh_enable&quot;:false}\">\n\t\t<div class=\"elementor-element elementor-element-4d48520 e-con-full e-flex e-con e-child\" data-id=\"4d48520\" data-element_type=\"container\" data-settings=\"{&quot;_ha_eqh_enable&quot;:false}\">\n\t\t\t\t<div class=\"elementor-element elementor-element-d160188 elementor-widget elementor-widget-ha-gradient-heading happy-addon ha-gradient-heading\" data-id=\"d160188\" data-element_type=\"widget\" data-widget_type=\"ha-gradient-heading.default\">\n\t\t\t\t<div class=\"elementor-widget-container\">\n\t\t\t<h2 class=\"ha-gradient-heading\">REFERR\u00c1L\u00c1S program<\/h2>\t\t<\/div>\n\t\t\t\t<\/div>\n\t\t\t\t<div class=\"elementor-element elementor-element-1319ca8 elementor-widget elementor-widget-text-editor\" data-id=\"1319ca8\" data-element_type=\"widget\" data-widget_type=\"text-editor.default\">\n\t\t\t\t<div class=\"elementor-widget-container\">\n\t\t\t\t\t\t\tEl\u00e9gedett a szolg\u00e1ltat\u00e1sainkkal? Terjessze a h\u00edrt, \u00e9s arassa le a gy\u00fcm\u00f6lcs\u00f6t. Mer\u00fclj\u00f6n el aj\u00e1nl\u00f3programunk el\u0151nyeiben.\t\t\t\t\t\t<\/div>\n\t\t\t\t<\/div>\n\t\t\t\t<div class=\"elementor-element elementor-element-124c323 elementor-widget elementor-widget-button\" data-id=\"124c323\" data-element_type=\"widget\" data-widget_type=\"button.default\">\n\t\t\t\t<div class=\"elementor-widget-container\">\n\t\t\t\t\t\t\t<div class=\"elementor-button-wrapper\">\n\t\t\t\t\t<a class=\"elementor-button elementor-button-link elementor-size-sm\" href=\"#elementor-action%3Aaction%3Dpopup%3Aopen%26settings%3DeyJpZCI6IjI3ODUiLCJ0b2dnbGUiOmZhbHNlfQ%3D%3D\">\n\t\t\t\t\t\t<span class=\"elementor-button-content-wrapper\">\n\t\t\t\t\t\t\t\t\t<span class=\"elementor-button-text\">\u00c9RDEKEL<\/span>\n\t\t\t\t\t<\/span>\n\t\t\t\t\t<\/a>\n\t\t\t\t<\/div>\n\t\t\t\t\t\t<\/div>\n\t\t\t\t<\/div>\n\t\t\t\t<\/div>\n\t\t<div class=\"elementor-element elementor-element-a97c355 e-con-full e-flex e-con e-child\" data-id=\"a97c355\" data-element_type=\"container\" data-settings=\"{&quot;_ha_eqh_enable&quot;:false}\">\n\t\t\t\t<div class=\"elementor-element elementor-element-fab8708 elementor-widget elementor-widget-image\" data-id=\"fab8708\" data-element_type=\"widget\" data-widget_type=\"image.default\">\n\t\t\t\t<div class=\"elementor-widget-container\">\n\t\t\t\t\t\t\t\t\t\t\t\t\t<img fetchpriority=\"high\" decoding=\"async\" width=\"960\" height=\"903\" src=\"https:\/\/lerestate.com\/wp-content\/uploads\/2024\/06\/Referral-Program-Lerestate.jpg\" class=\"attachment-full size-full wp-image-3327\" alt=\"\" srcset=\"https:\/\/lerestate.com\/wp-content\/uploads\/2024\/06\/Referral-Program-Lerestate.jpg 960w, https:\/\/lerestate.com\/wp-content\/uploads\/2024\/06\/Referral-Program-Lerestate-300x282.jpg 300w, https:\/\/lerestate.com\/wp-content\/uploads\/2024\/06\/Referral-Program-Lerestate-768x722.jpg 768w\" sizes=\"(max-width: 960px) 100vw, 960px\" \/>\t\t\t\t\t\t\t\t\t\t\t\t\t<\/div>\n\t\t\t\t<\/div>\n\t\t\t\t<\/div>\n\t\t\t\t<\/div>\n\t\t<div class=\"elementor-element elementor-element-4ac982f e-flex e-con-boxed e-con e-parent\" data-id=\"4ac982f\" data-element_type=\"container\" data-settings=\"{&quot;background_background&quot;:&quot;classic&quot;,&quot;_ha_eqh_enable&quot;:false}\">\n\t\t\t\t\t<div class=\"e-con-inner\">\n\t\t\t\t<div class=\"elementor-element elementor-element-b7a4db7 elementor-widget elementor-widget-ha-gradient-heading happy-addon ha-gradient-heading\" data-id=\"b7a4db7\" data-element_type=\"widget\" data-widget_type=\"ha-gradient-heading.default\">\n\t\t\t\t<div class=\"elementor-widget-container\">\n\t\t\t<h2 class=\"ha-gradient-heading\">MIRE SZ\u00c1M\u00cdTSON<\/h2>\t\t<\/div>\n\t\t\t\t<\/div>\n\t\t<div class=\"elementor-element elementor-element-33b444d e-flex e-con-boxed e-con e-child\" data-id=\"33b444d\" data-element_type=\"container\" data-settings=\"{&quot;background_background&quot;:&quot;classic&quot;,&quot;_ha_eqh_enable&quot;:false}\">\n\t\t\t\t\t<div class=\"e-con-inner\">\n\t\t<div class=\"elementor-element elementor-element-3877896 e-con-full e-flex e-con e-child\" data-id=\"3877896\" data-element_type=\"container\" data-settings=\"{&quot;_ha_eqh_enable&quot;:false}\">\n\t\t\t\t<div class=\"elementor-element elementor-element-14f87e3 elementor-position-top elementor-widget elementor-widget-image-box\" data-id=\"14f87e3\" data-element_type=\"widget\" data-widget_type=\"image-box.default\">\n\t\t\t\t<div class=\"elementor-widget-container\">\n\t\t\t<div class=\"elementor-image-box-wrapper\"><figure class=\"elementor-image-box-img\"><img decoding=\"async\" src=\"https:\/\/lerestate.com\/wp-content\/uploads\/2024\/06\/Union-182.svg\" title=\"\" alt=\"\" loading=\"lazy\" \/><\/figure><div class=\"elementor-image-box-content\"><h3 class=\"elementor-image-box-title\">EGYSZER\u0170S\u00c9G<\/h3><p class=\"elementor-image-box-description\">Van egy bar\u00e1tja, aki Dubajr\u00f3l \u00e1lmodik? Mutassa meg nekik az utat hozz\u00e1nk, a t\u00f6bbit mi int\u00e9zz\u00fck.<\/p><\/div><\/div>\t\t<\/div>\n\t\t\t\t<\/div>\n\t\t\t\t<\/div>\n\t\t<div class=\"elementor-element elementor-element-37957a3 e-con-full e-flex e-con e-child\" data-id=\"37957a3\" data-element_type=\"container\" data-settings=\"{&quot;_ha_eqh_enable&quot;:false}\">\n\t\t\t\t<div class=\"elementor-element elementor-element-9d05fb7 elementor-position-top elementor-widget elementor-widget-image-box\" data-id=\"9d05fb7\" data-element_type=\"widget\" data-widget_type=\"image-box.default\">\n\t\t\t\t<div class=\"elementor-widget-container\">\n\t\t\t<div class=\"elementor-image-box-wrapper\"><figure class=\"elementor-image-box-img\"><img decoding=\"async\" src=\"https:\/\/lerestate.com\/wp-content\/uploads\/2024\/06\/Union-172.svg\" title=\"\" alt=\"\" loading=\"lazy\" \/><\/figure><div class=\"elementor-image-box-content\"><h3 class=\"elementor-image-box-title\">JUTALOM<\/h3><p class=\"elementor-image-box-description\">A kapcsolatok kifizet\u0151dnek. \u00c9lvezze az \u00fcgyn\u00f6ki jutal\u00e9k 25%-\u00e1t minden egyes \u00fczleten.<\/p><\/div><\/div>\t\t<\/div>\n\t\t\t\t<\/div>\n\t\t\t\t<\/div>\n\t\t<div class=\"elementor-element elementor-element-43e517d e-con-full e-flex e-con e-child\" data-id=\"43e517d\" data-element_type=\"container\" data-settings=\"{&quot;_ha_eqh_enable&quot;:false}\">\n\t\t\t\t<div class=\"elementor-element elementor-element-08bc7fa elementor-position-top elementor-widget elementor-widget-image-box\" data-id=\"08bc7fa\" data-element_type=\"widget\" data-widget_type=\"image-box.default\">\n\t\t\t\t<div class=\"elementor-widget-container\">\n\t\t\t<div class=\"elementor-image-box-wrapper\"><figure class=\"elementor-image-box-img\"><img decoding=\"async\" src=\"https:\/\/lerestate.com\/wp-content\/uploads\/2024\/06\/Union-180.svg\" title=\"\" alt=\"\" loading=\"lazy\" \/><\/figure><div class=\"elementor-image-box-content\"><h3 class=\"elementor-image-box-title\">TITOKTART\u00c1S<\/h3><p class=\"elementor-image-box-description\">Semmit sem \u00e9rt\u00e9kel\u00fcnk jobban, mint az \u00d6n bizalm\u00e1t. Megbecs\u00fclt \u00e9s v\u00e9dett.<\/p><\/div><\/div>\t\t<\/div>\n\t\t\t\t<\/div>\n\t\t\t\t<\/div>\n\t\t\t\t\t<\/div>\n\t\t\t\t<\/div>\n\t\t<div class=\"elementor-element elementor-element-61f8927 e-flex e-con-boxed e-con e-child\" data-id=\"61f8927\" data-element_type=\"container\" data-settings=\"{&quot;background_background&quot;:&quot;classic&quot;,&quot;_ha_eqh_enable&quot;:false}\">\n\t\t\t\t\t<div class=\"e-con-inner\">\n\t\t<div class=\"elementor-element elementor-element-fddab57 e-con-full e-flex e-con e-child\" data-id=\"fddab57\" data-element_type=\"container\" data-settings=\"{&quot;_ha_eqh_enable&quot;:false}\">\n\t\t\t\t<div class=\"elementor-element elementor-element-a7aca07 elementor-position-top elementor-widget elementor-widget-image-box\" data-id=\"a7aca07\" data-element_type=\"widget\" data-widget_type=\"image-box.default\">\n\t\t\t\t<div class=\"elementor-widget-container\">\n\t\t\t<div class=\"elementor-image-box-wrapper\"><figure class=\"elementor-image-box-img\"><img decoding=\"async\" src=\"https:\/\/lerestate.com\/wp-content\/uploads\/2024\/06\/Union-176.svg\" title=\"\" alt=\"\" loading=\"lazy\" \/><\/figure><div class=\"elementor-image-box-content\"><h3 class=\"elementor-image-box-title\">TRANSPARENCIA<\/h3><p class=\"elementor-image-box-description\">Minden l\u00e9p\u00e9s, tiszta \u00e9s ny\u00edlt. Gondoskodunk r\u00f3la, hogy ne legyen helye a k\u00e9ts\u00e9geknek.<\/p><\/div><\/div>\t\t<\/div>\n\t\t\t\t<\/div>\n\t\t\t\t<\/div>\n\t\t<div class=\"elementor-element elementor-element-91d89b9 e-con-full e-flex e-con e-child\" data-id=\"91d89b9\" data-element_type=\"container\" data-settings=\"{&quot;_ha_eqh_enable&quot;:false}\">\n\t\t\t\t<div class=\"elementor-element elementor-element-5ea6a6d elementor-position-top elementor-widget elementor-widget-image-box\" data-id=\"5ea6a6d\" data-element_type=\"widget\" data-widget_type=\"image-box.default\">\n\t\t\t\t<div class=\"elementor-widget-container\">\n\t\t\t<div class=\"elementor-image-box-wrapper\"><figure class=\"elementor-image-box-img\"><img decoding=\"async\" src=\"https:\/\/lerestate.com\/wp-content\/uploads\/2024\/06\/Union-178.svg\" title=\"\" alt=\"\" loading=\"lazy\" \/><\/figure><div class=\"elementor-image-box-content\"><h3 class=\"elementor-image-box-title\">PROFESSZIONALIZMUS<\/h3><p class=\"elementor-image-box-description\">Az els\u0151 kapcsolatfelv\u00e9telt\u0151l a v\u00e9gs\u0151 k\u00e9zfog\u00e1sig z\u00f6kken\u0151mentesen \u00e9s professzion\u00e1lisan int\u00e9zz\u00fck.<\/p><\/div><\/div>\t\t<\/div>\n\t\t\t\t<\/div>\n\t\t\t\t<\/div>\n\t\t<div class=\"elementor-element elementor-element-cfb1500 e-con-full e-flex e-con e-child\" data-id=\"cfb1500\" data-element_type=\"container\" data-settings=\"{&quot;_ha_eqh_enable&quot;:false}\">\n\t\t\t\t<div class=\"elementor-element elementor-element-c435c2a elementor-position-top elementor-widget elementor-widget-image-box\" data-id=\"c435c2a\" data-element_type=\"widget\" data-widget_type=\"image-box.default\">\n\t\t\t\t<div class=\"elementor-widget-container\">\n\t\t\t<div class=\"elementor-image-box-wrapper\"><figure class=\"elementor-image-box-img\"><img decoding=\"async\" src=\"https:\/\/lerestate.com\/wp-content\/uploads\/2024\/06\/Union-174.svg\" title=\"\" alt=\"\" loading=\"lazy\" \/><\/figure><div class=\"elementor-image-box-content\"><h3 class=\"elementor-image-box-title\">HOSSZ\u00da T\u00c1V\u00da<\/h3><p class=\"elementor-image-box-description\">A bizalom nem \u00e9p\u00fcl ki egyik napr\u00f3l a m\u00e1sikra. Mi hossz\u00fa t\u00e1von vagyunk itt.\n<\/p><\/div><\/div>\t\t<\/div>\n\t\t\t\t<\/div>\n\t\t\t\t<\/div>\n\t\t\t\t\t<\/div>\n\t\t\t\t<\/div>\n\t\t\t\t\t<\/div>\n\t\t\t\t<\/div>\n\t\t<div class=\"elementor-element elementor-element-9e7dc05 e-flex e-con-boxed e-con e-parent\" data-id=\"9e7dc05\" data-element_type=\"container\" data-settings=\"{&quot;background_background&quot;:&quot;classic&quot;,&quot;_ha_eqh_enable&quot;:false}\">\n\t\t\t\t\t<div class=\"e-con-inner\">\n\t\t\t\t<div class=\"elementor-element elementor-element-2e9df6f elementor-widget-divider--view-line_icon elementor-view-default elementor-widget-divider--element-align-center elementor-widget elementor-widget-divider\" data-id=\"2e9df6f\" data-element_type=\"widget\" data-widget_type=\"divider.default\">\n\t\t\t\t<div class=\"elementor-widget-container\">\n\t\t\t\t\t<div class=\"elementor-divider\">\n\t\t\t<span class=\"elementor-divider-separator\">\n\t\t\t\t\t\t\t<div class=\"elementor-icon elementor-divider__element\">\n\t\t\t\t\t<svg xmlns=\"http:\/\/www.w3.org\/2000\/svg\" xmlns:xlink=\"http:\/\/www.w3.org\/1999\/xlink\" id=\"Layer_1\" x=\"0px\" y=\"0px\" viewbox=\"0 0 512 512\" style=\"enable-background:new 0 0 512 512;\" xml:space=\"preserve\"><style type=\"text\/css\">\t.st0{fill:url(#SVGID_1_);}\t.st1{fill:url(#SVGID_00000112612405460223370850000009419334753202717869_);}\t.st2{fill:none;}<\/style><g>\t\t\t<lineargradient id=\"SVGID_1_\" gradientunits=\"userSpaceOnUse\" x1=\"227.3809\" y1=\"316.5758\" x2=\"436.242\" y2=\"107.7146\" gradienttransform=\"matrix(1 0 0 -1 0 513)\">\t\t<stop offset=\"0\" style=\"stop-color:#C8992E\"><\/stop>\t\t<stop offset=\"0.12\" style=\"stop-color:#B57E10\"><\/stop>\t\t<stop offset=\"0.26\" style=\"stop-color:#F9DF7B\"><\/stop>\t\t<stop offset=\"0.37\" style=\"stop-color:#F9DF7B\"><\/stop>\t\t<stop offset=\"0.38\" style=\"stop-color:#F7DC77\"><\/stop>\t\t<stop offset=\"0.5\" style=\"stop-color:#DFBA52\"><\/stop>\t\t<stop offset=\"0.62\" style=\"stop-color:#CCA035\"><\/stop>\t\t<stop offset=\"0.74\" style=\"stop-color:#BF8D20\"><\/stop>\t\t<stop offset=\"0.86\" style=\"stop-color:#B78114\"><\/stop>\t\t<stop offset=\"0.97\" style=\"stop-color:#B57E10\"><\/stop>\t<\/lineargradient>\t<path class=\"st0\" d=\"M158.7,488.1V423h194l0.5-338.3c0-10.7,5-20.8,13.6-27.3L409.7,25c3.6-2.7,8.7-0.2,8.7,4.3L417.8,408  c0,10-4,19.6-11.1,26.7l-42.3,42.3c-7.8,7.2-17.6,11.1-27.3,11.1L158.7,488.1L158.7,488.1z\"><\/path>\t\t\t<lineargradient id=\"SVGID_00000007414640275150218700000004493650065401175225_\" gradientunits=\"userSpaceOnUse\" x1=\"3.647028e-03\" y1=\"121.6735\" x2=\"360.3754\" y2=\"482.0364\" gradienttransform=\"matrix(1 0 0 -1 0 513)\">\t\t<stop offset=\"0\" style=\"stop-color:#C8992E\"><\/stop>\t\t<stop offset=\"0.12\" style=\"stop-color:#B57E10\"><\/stop>\t\t<stop offset=\"0.26\" style=\"stop-color:#F9DF7B\"><\/stop>\t\t<stop offset=\"0.37\" style=\"stop-color:#F9DF7B\"><\/stop>\t\t<stop offset=\"0.38\" style=\"stop-color:#F7DC77\"><\/stop>\t\t<stop offset=\"0.5\" style=\"stop-color:#DFBA52\"><\/stop>\t\t<stop offset=\"0.62\" style=\"stop-color:#CCA035\"><\/stop>\t\t<stop offset=\"0.74\" style=\"stop-color:#BF8D20\"><\/stop>\t\t<stop offset=\"0.86\" style=\"stop-color:#B78114\"><\/stop>\t\t<stop offset=\"0.97\" style=\"stop-color:#B57E10\"><\/stop>\t<\/lineargradient>\t<path style=\"fill:url(#SVGID_00000007414640275150218700000004493650065401175225_);\" d=\"M353.3,23.9V89h-194l-0.5,338.3  c0,10.7-5,20.8-13.6,27.3L102.3,487c-3.6,2.7-8.7,0.2-8.7-4.3L94.2,104c0-10,4-19.6,11.1-26.7l42.3-42.3  c7.8-7.2,17.6-11.1,27.3-11.1L353.3,23.9L353.3,23.9z\"><\/path>\t<path class=\"st2\" d=\"M158.7,488.1V423h194l0.5-338.3c0-10.7,5-20.8,13.6-27.3L409.7,25c3.6-2.7,8.7-0.2,8.7,4.3L417.8,408  c0,10-4,19.6-11.1,26.7l-42.3,42.3c-7.8,7.2-17.6,11.1-27.3,11.1L158.7,488.1L158.7,488.1z\"><\/path>\t<path class=\"st2\" d=\"M353.3,23.9V89h-194l-0.5,338.3c0,10.7-5,20.8-13.6,27.3L102.3,487c-3.6,2.7-8.7,0.2-8.7-4.3L94.2,104  c0-10,4-19.6,11.1-26.7l42.3-42.3c7.8-7.2,17.6-11.1,27.3-11.1L353.3,23.9L353.3,23.9z\"><\/path><\/g><\/svg><\/div>\n\t\t\t\t\t\t<\/span>\n\t\t<\/div>\n\t\t\t\t<\/div>\n\t\t\t\t<\/div>\n\t\t\t\t\t<\/div>\n\t\t\t\t<\/div>\n\t\t<div class=\"elementor-element elementor-element-6706c4f e-flex e-con-boxed e-con e-parent\" data-id=\"6706c4f\" data-element_type=\"container\" data-settings=\"{&quot;background_background&quot;:&quot;classic&quot;,&quot;_ha_eqh_enable&quot;:false}\">\n\t\t\t\t\t<div class=\"e-con-inner\">\n\t\t<div class=\"elementor-element elementor-element-bd4e264 e-flex e-con-boxed e-con e-child\" data-id=\"bd4e264\" data-element_type=\"container\" data-settings=\"{&quot;_ha_eqh_enable&quot;:false}\">\n\t\t\t\t\t<div class=\"e-con-inner\">\n\t\t\t\t<div class=\"elementor-element elementor-element-c88a542 sk-gr-titel elementor-widget elementor-widget-heading\" data-id=\"c88a542\" data-element_type=\"widget\" data-widget_type=\"heading.default\">\n\t\t\t\t<div class=\"elementor-widget-container\">\n\t\t\t<h2 class=\"elementor-heading-title elementor-size-default\">GYORS KONZULT\u00c1CI\u00d3\n<\/h2>\t\t<\/div>\n\t\t\t\t<\/div>\n\t\t\t\t<div class=\"elementor-element elementor-element-b6d9fd8 elementor-widget elementor-widget-text-editor\" data-id=\"b6d9fd8\" data-element_type=\"widget\" data-widget_type=\"text-editor.default\">\n\t\t\t\t<div class=\"elementor-widget-container\">\n\t\t\t\t\t\t\tT\u00f6ltse ki az \u0171rlapot, \u00e9s csapatunk egyik tagja hamarosan felveszi \u00d6nnel a kapcsolatot.\t\t\t\t\t\t<\/div>\n\t\t\t\t<\/div>\n\t\t\t\t<div class=\"elementor-element elementor-element-5e086e4 elementor-button-align-center elementor-widget elementor-widget-form\" data-id=\"5e086e4\" data-element_type=\"widget\" data-settings=\"{&quot;step_next_label&quot;:&quot;Next&quot;,&quot;step_previous_label&quot;:&quot;Previous&quot;,&quot;button_width&quot;:&quot;100&quot;,&quot;step_type&quot;:&quot;number_text&quot;,&quot;step_icon_shape&quot;:&quot;circle&quot;}\" data-widget_type=\"form.default\">\n\t\t\t\t<div class=\"elementor-widget-container\">\n\t\t\t\t\t<form class=\"elementor-form\" method=\"post\" name=\"Consultation Form\" action=\"\">\n\t\t\t<input type=\"hidden\" name=\"post_id\" value=\"295\"\/>\n\t\t\t<input type=\"hidden\" name=\"form_id\" value=\"5e086e4\"\/>\n\t\t\t<input type=\"hidden\" name=\"referer_title\" value=\"\" \/>\n\n\t\t\t\n\t\t\t<div class=\"elementor-form-fields-wrapper elementor-labels-above\">\n\t\t\t\t\t\t\t\t<div class=\"elementor-field-type-text elementor-field-group elementor-column elementor-field-group-name elementor-col-33\">\n\t\t\t\t\t\t\t\t\t\t\t\t<label for=\"form-field-name\" class=\"elementor-field-label\">\n\t\t\t\t\t\t\t\tAz \u00d6n neve\t\t\t\t\t\t\t<\/label>\n\t\t\t\t\t\t\t\t\t\t\t\t\t\t<input size=\"1\" type=\"text\" name=\"form_fields[name]\" id=\"form-field-name\" class=\"elementor-field elementor-size-sm  elementor-field-textual\" placeholder=\"Jeremy Martins\">\n\t\t\t\t\t\t\t\t\t\t\t<\/div>\n\t\t\t\t\t\t\t\t<div class=\"elementor-field-type-email elementor-field-group elementor-column elementor-field-group-field_cf81665 elementor-col-33\">\n\t\t\t\t\t\t\t\t\t\t\t\t<label for=\"form-field-field_cf81665\" class=\"elementor-field-label\">\n\t\t\t\t\t\t\t\tE-mail \t\t\t\t\t\t\t<\/label>\n\t\t\t\t\t\t\t\t\t\t\t\t\t\t<input size=\"1\" type=\"email\" name=\"form_fields[field_cf81665]\" id=\"form-field-field_cf81665\" class=\"elementor-field elementor-size-sm  elementor-field-textual\" placeholder=\"jeremy@gmail.com\">\n\t\t\t\t\t\t\t\t\t\t\t<\/div>\n\t\t\t\t\t\t\t\t<div class=\"elementor-field-type-number elementor-field-group elementor-column elementor-field-group-field_a4d297b elementor-col-33\">\n\t\t\t\t\t\t\t\t\t\t\t\t<label for=\"form-field-field_a4d297b\" class=\"elementor-field-label\">\n\t\t\t\t\t\t\t\tTelefonsz\u00e1m\t\t\t\t\t\t\t<\/label>\n\t\t\t\t\t\t\t\t\t<input type=\"number\" name=\"form_fields[field_a4d297b]\" id=\"form-field-field_a4d297b\" class=\"elementor-field elementor-size-sm  elementor-field-textual\" placeholder=\"+971525734387\" min=\"\" max=\"\" >\n\t\t\t\t\t\t<\/div>\n\t\t\t\t\t\t\t\t<div class=\"elementor-field-type-checkbox elementor-field-group elementor-column elementor-field-group-field_ef6e022 elementor-col-100\">\n\t\t\t\t\t<div class=\"elementor-field-subgroup\"><span class=\"elementor-field-option\"><input type=\"checkbox\" value=\"I agree to the processing of my personal data for marketing purposes.\" id=\"form-field-field_ef6e022-0\" name=\"form_fields[field_ef6e022]\"> <label for=\"form-field-field_ef6e022-0\">Hozz\u00e1j\u00e1rulok szem\u00e9lyes adataim marketing c\u00e9l\u00fa feldolgoz\u00e1s\u00e1hoz.<\/label><\/span><\/div>\t\t\t\t<\/div>\n\t\t\t\t\t\t\t\t<div class=\"elementor-field-group elementor-column elementor-field-type-submit elementor-col-100 e-form__buttons\">\n\t\t\t\t\t<button class=\"elementor-button elementor-size-sm\" type=\"submit\">\n\t\t\t\t\t\t<span class=\"elementor-button-content-wrapper\">\n\t\t\t\t\t\t\t\t\t\t\t\t\t\t\t\t\t\t\t\t\t\t<span class=\"elementor-button-text\">K\u00fcldj most<\/span>\n\t\t\t\t\t\t\t\t\t\t\t\t\t<\/span>\n\t\t\t\t\t<\/button>\n\t\t\t\t<\/div>\n\t\t\t<\/div>\n\t\t<input type=\"hidden\" name=\"trp-form-language\" value=\"hu\"\/><\/form>\n\t\t\t\t<\/div>\n\t\t\t\t<\/div>\n\t\t\t\t<div class=\"elementor-element elementor-element-047049d elementor-widget elementor-widget-text-editor\" data-id=\"047049d\" data-element_type=\"widget\" data-widget_type=\"text-editor.default\">\n\t\t\t\t<div class=\"elementor-widget-container\">\n\t\t\t\t\t\t\t<p>Vagy l\u00e9pjen vel\u00fcnk azonnal kapcsolatba a\u00a0<span style=\"color: #c3976e;\"><strong><a style=\"color: #c3976e;\" href=\"https:\/\/wa.me\/+971567892882\" target=\"_blank\" rel=\"noopener\">Whatsapp.<\/a><\/strong><\/span><\/p>\t\t\t\t\t\t<\/div>\n\t\t\t\t<\/div>\n\t\t\t\t\t<\/div>\n\t\t\t\t<\/div>\n\t\t\t\t\t<\/div>\n\t\t\t\t<\/div>\n\t\t\t\t<\/div>","protected":false},"excerpt":{"rendered":"<p>REFERRAL REFERRAL Program Satisfied with our services? Spread the word and reap the rewards. Dive into our referral program benefits. I&#8217;M INTERESTED WHAT TO EXPECT SIMPLICITY Got a friend dreaming of Dubai? Point them our way, we\u2019ve got the rest. REWARD Connections pay off. Enjoy a neat 25% of agent commission on each deal. CONFIDENTIALITY [&hellip;]<\/p>","protected":false},"author":1,"featured_media":0,"parent":0,"menu_order":0,"comment_status":"closed","ping_status":"closed","template":"elementor_header_footer","meta":{"footnotes":""},"class_list":["post-295","page","type-page","status-publish","hentry"],"_links":{"self":[{"href":"https:\/\/lerestate.com\/hu\/wp-json\/wp\/v2\/pages\/295","targetHints":{"allow":["GET"]}}],"collection":[{"href":"https:\/\/lerestate.com\/hu\/wp-json\/wp\/v2\/pages"}],"about":[{"href":"https:\/\/lerestate.com\/hu\/wp-json\/wp\/v2\/types\/page"}],"author":[{"embeddable":true,"href":"https:\/\/lerestate.com\/hu\/wp-json\/wp\/v2\/users\/1"}],"replies":[{"embeddable":true,"href":"https:\/\/lerestate.com\/hu\/wp-json\/wp\/v2\/comments?post=295"}],"version-history":[{"count":0,"href":"https:\/\/lerestate.com\/hu\/wp-json\/wp\/v2\/pages\/295\/revisions"}],"wp:attachment":[{"href":"https:\/\/lerestate.com\/hu\/wp-json\/wp\/v2\/media?parent=295"}],"curies":[{"name":"wp","href":"https:\/\/api.w.org\/{rel}","templated":true}]}}